{"id":431,"date":"2020-02-07T11:38:50","date_gmt":"2020-02-07T11:38:50","guid":{"rendered":"https:\/\/avsectraining.ro\/?page_id=431"},"modified":"2020-02-07T11:41:46","modified_gmt":"2020-02-07T11:41:46","slug":"politica-de-utilizare-a-cookie-urilor","status":"publish","type":"page","link":"https:\/\/avsectraining.ro\/en\/politica-de-utilizare-a-cookie-urilor\/","title":{"rendered":"Politica de utilizare a Cookie-urilor"},"content":{"rendered":"<div data-elementor-type=\"wp-page\" data-elementor-id=\"431\" class=\"elementor elementor-431\">\n\t\t\t\t\t\t<section class=\"elementor-section elementor-top-section elementor-element elementor-element-92cc13d elementor-section-boxed elementor-section-height-default elementor-section-height-default\" data-id=\"92cc13d\" data-element_type=\"section\" data-e-type=\"section\">\n\t\t\t\t\t\t<div class=\"elementor-container elementor-column-gap-default\">\n\t\t\t\t\t<div class=\"elementor-column elementor-col-100 elementor-top-column elementor-element elementor-element-76af68e\" data-id=\"76af68e\" data-element_type=\"column\" data-e-type=\"column\">\n\t\t\t<div class=\"elementor-widget-wrap elementor-element-populated\">\n\t\t\t\t\t\t<div class=\"elementor-element elementor-element-c92b8b4 elementor-widget elementor-widget-heading\" data-id=\"c92b8b4\" data-element_type=\"widget\" data-e-type=\"widget\" data-widget_type=\"heading.default\">\n\t\t\t\t<div class=\"elementor-widget-container\">\n\t\t\t\t\t<h2 class=\"elementor-heading-title elementor-size-default\">Cookies policy<\/h2>\t\t\t\t<\/div>\n\t\t\t\t<\/div>\n\t\t\t\t<div class=\"elementor-element elementor-element-1f5ac1f elementor-widget elementor-widget-text-editor\" data-id=\"1f5ac1f\" data-element_type=\"widget\" data-e-type=\"widget\" data-widget_type=\"text-editor.default\">\n\t\t\t\t<div class=\"elementor-widget-container\">\n\t\t\t\t\t\t\t\t\t<h1><span style=\"font-size: 30px; font-weight: 400;\">1. Introduction<\/span><\/h1><p><span style=\"font-weight: 400;\">This Cookie Policy applies to all users of the website www.avsectraining.ro. The information presented below is intended to inform the users of this website about the placement, use and administration of cookies by S.C AV SEC TRAINING S.R.L in the context of browsing the users of this website.<\/span><\/p><h2><span style=\"font-weight: 400;\">2. What are cookies?<\/span><\/h2><p><span style=\"font-weight: 400;\">We use the term \"cookies\" to refer to cookies and similar technologies through which information can be collected automatically. An \"Internet Cookie\" (also known as a \"browser cookie\" or \"HTTP cookie\" or \"cookie\") is a small file, consisting of letters and numbers, which will be stored on your computer, mobile device or on other equipment of a user through which the Internet is accessed. Cookies are installed by a web server's request to a browser (eg Internet Explorer, Firefox, Chrome). Cookies once installed have a fixed lifespan, remaining \"passive\", meaning they do not contain software, viruses or spyware and will not access the information on the hard drive of the user whose equipment was installed.<\/span><\/p><p><span style=\"font-weight: 400;\">A cookie consists of two parts: the name of the cookie; and the content or value of the cookie.<\/span><\/p><p><span style=\"font-weight: 400;\">From a technical point of view, only the web server that sent the cookie can access it again when a user returns to the web page associated with the respective web server.<\/span><\/p><h2><span style=\"font-weight: 400;\">3. For what purposes are cookies used through this website:<\/span><\/h2><p><span style=\"font-weight: 400;\">Cookies are used to provide users of this website with a better browsing experience and services tailored to the needs and interests of each individual user, namely:<\/span><\/p><ul><li style=\"font-weight: 400;\"><span style=\"font-weight: 400;\">improving the use of this website, including by identifying any errors that occur during its visit \/ use by users;<\/span><\/li><li style=\"font-weight: 400;\"><span style=\"font-weight: 400;\">providing anonymous statistics on how this website is used by S.C AV SEC TRAINING S.R.L, as the owner of this website;<\/span><\/li><li style=\"font-weight: 400;\"><span style=\"font-weight: 400;\">anticipation of possible goods that will be made available to users through this website in the future, depending on the services \/ products accessed.<\/span><\/li><\/ul><p><span style=\"font-weight: 400;\">Based on the feedback transmitted through cookies in connection with the use of this website, S.C AV SEC TRAINING S.R.L may adopt measures to make this website more efficient and accessible to users.<\/span><\/p><p><span style=\"font-weight: 400;\">Thus, the use of cookies allows the storage of certain settings \/ preferences set by the users of this website, such as:<\/span><\/p><ul><li style=\"font-weight: 400;\"><span style=\"font-weight: 400;\">the language in which a web page is viewed;<\/span><\/li><li style=\"font-weight: 400;\"><span style=\"font-weight: 400;\">the currency in which certain prices or rates are expressed;<\/span><\/li><li style=\"font-weight: 400;\"><span style=\"font-weight: 400;\">facilitating access to the users account;<\/span><\/li><li style=\"font-weight: 400;\"><span style=\"font-weight: 400;\">posting comments on the site.<\/span><\/li><\/ul><h2><span style=\"font-weight: 400;\">4. What is the life of cookies?<\/span><\/h2><p><span style=\"font-weight: 400;\">The lifetime of cookies may vary significantly, depending on the purpose for which it is placed. There are the following categories of cookies that determine their lifespan:<\/span><\/p><ul><li style=\"font-weight: 400;\"><b>Session cookies<\/b><span style=\"font-weight: 400;\"> - A \"session cookie\" is a cookie that is automatically deleted when the user closes their browser.<\/span><\/li><li style=\"font-weight: 400;\"><span style=\"font-weight: 400;\">Persistent or fixed cookies - A \"persistent\" or \"fixed\" cookie is a cookie that remains stored in the user's terminal until it reaches a certain expiration date (which may be in a few minutes, days or a few years in the future) or until when it is deleted by the user at any time through the browser settings.<\/span><\/li><\/ul><h2><span style=\"font-weight: 400;\">5. What are cookies placed by third parties?<\/span><\/h2><p><span style=\"font-weight: 400;\">Certain sections of content on the website may be provided by third parties, that is, not by SC AV SEC TRAINING SRL, in which case these cookies are called third party cookies (\"third party cookies\"). ). Third-party cookies providers must also comply with the data protection rules and the Privacy Policy available on this website.<\/span><\/p><p><span style=\"font-weight: 400;\">These cookies may come from the following third parties: Google Analytics, Mailchimp.<\/span><\/p><h2><span style=\"font-weight: 400;\">6. What cookies are used through this website:<\/span><\/h2><p><span style=\"font-weight: 400;\">By using \/ visiting the website, the following cookies can be placed:<\/span><\/p><ul><li style=\"font-weight: 400;\"><span style=\"font-weight: 400;\">a. Website performance cookies;<\/span><\/li><li style=\"font-weight: 400;\"><span style=\"font-weight: 400;\">b. Cookies for analyzing users;<\/span><\/li><li style=\"font-weight: 400;\"><span style=\"font-weight: 400;\">c. Cookies for geotargetting;<\/span><\/li><li style=\"font-weight: 400;\"><span style=\"font-weight: 400;\">d. Registration cookies;<\/span><\/li><li style=\"font-weight: 400;\"><span style=\"font-weight: 400;\">e. Cookies for advertising;<\/span><\/li><li style=\"font-weight: 400;\"><span style=\"font-weight: 400;\">f. Cookies of advertising providers;<\/span><\/li><\/ul><h2><span style=\"font-weight: 400;\">a. Performance cookies<\/span><\/h2><p><span style=\"font-weight: 400;\">By this type of cookies the user preferences of this web page are stored, so that the re-setting of the preferences in case of a subsequent visit of the web page is no longer necessary.<\/span><\/p><h2><span style=\"font-weight: 400;\">b. User analytics cookies<\/span><\/h2><p><span style=\"font-weight: 400;\">These cookies inform us if a particular user of the website has visited \/ used this website previously. These cookies are used for statistical purposes only.<\/span><\/p><h2><span style=\"font-weight: 400;\">c. Cookies for geotargetting<\/span><\/h2><p><span style=\"font-weight: 400;\">These cookies are used by a software that determines the country of origin of the user of the website. The same ads will be received regardless of the language selected.<\/span><\/p><h2><span style=\"font-weight: 400;\">d. Cookies for registration<\/span><\/h2><p><span style=\"font-weight: 400;\">When you register on this site, cookies are generated that store this action. The servers use these cookies to show us the account with which you are registered. Also, the use of these cookies allows us to associate any comment posted on the website with the username of the account used. If the \"keep me registered\" option has not been selected, these cookies will be automatically deleted when the browsing session ends.<\/span><\/p><h2><span style=\"font-weight: 400;\">e. Cookies for advertising<\/span><\/h2><p><span style=\"font-weight: 400;\">These cookies allow the user to view an online advertisement, its type and the time elapsed from the time of viewing the respective advertising message. As such, such cookies are used to target online advertising. These cookies are anonymous, storing information about the content viewed, not about users.<\/span><\/p><h2><span style=\"font-weight: 400;\">7. What kind of information is stored and accessed through cookies?<\/span><\/h2><p><span style=\"font-weight: 400;\">Cookies store information in a small text file that allows browser recognition. This webpage recognizes the browser until the cookies expire or are deleted.<\/span><\/p><h2><span style=\"font-weight: 400;\">8. Customize your browser settings regarding cookies<\/span><\/h2><p><span style=\"font-weight: 400;\">If the use of cookies is not disturbing and the computer or technical equipment used for browsing this website is used only by you, long expiration periods may be set for storing your browsing history.<\/span><\/p><p><span style=\"font-weight: 400;\">If the computer or technical equipment used to navigate this website is used by more than one person, the setting for deleting individual browsing data may be taken into account each time the browser is closed.<\/span><\/p><h2><span style=\"font-weight: 400;\">9. How can cookies be stopped?<\/span><\/h2><p><span style=\"font-weight: 400;\">Disabling and refusing to receive cookies can make this website difficult to visit, attracting limitations on its use possibilities.<\/span><\/p><p><span style=\"font-weight: 400;\">Users can configure their browser to reject cookies or to accept cookies from a particular web page. All modern browsers offer the ability to change cookie settings. These settings can, as a rule, be accessed in the \"options\" section or the \"preferences\" menu of your browser.<\/span><\/p><p><span style=\"font-weight: 400;\">However, refusing or disabling cookies does not mean that you will no longer receive online advertising - only that it will not be tailored to your preferences and interests, highlighted by your browsing behavior.<\/span><\/p><p><span style=\"font-weight: 400;\">To understand these settings, the following links may be useful:<\/span><\/p><ul><li style=\"font-weight: 400;\"><a href=\"https:\/\/support.microsoft.com\/en-us\/help\/17442\/windows-internet-explorer-delete-manage-cookies\"><span style=\"font-weight: 400;\">Cookie settings in Internet Explorer<\/span><\/a><\/li><li style=\"font-weight: 400;\"><a href=\"https:\/\/support.mozilla.org\/en-US\/kb\/enable-and-disable-cookies-website-preferences\"><span style=\"font-weight: 400;\">Cookie settings in Firefox<\/span><\/a><\/li><li style=\"font-weight: 400;\"><a href=\"https:\/\/support.google.com\/chrome\/answer\/95647\"><span style=\"font-weight: 400;\">Cookie settings in Gogole Chrome<\/span><\/a><\/li><li style=\"font-weight: 400;\"><a href=\"https:\/\/support.apple.com\/kb\/ph21411\"><span style=\"font-weight: 400;\">Cookie settings in Safari<\/span><\/a><\/li><\/ul><p><span style=\"font-weight: 400;\">For any additional questions regarding how cookies are used through this website, please contact: office@avsectraining.ro<\/span><\/p><p>\u00a0<\/p>\t\t\t\t\t\t\t\t<\/div>\n\t\t\t\t<\/div>\n\t\t\t\t\t<\/div>\n\t\t<\/div>\n\t\t\t\t\t<\/div>\n\t\t<\/section>\n\t\t\t\t<\/div>","protected":false},"excerpt":{"rendered":"<p>Politica de utilizare a cookie-urilor 1. Introducere Prezenta Politic\u0103 privind fi\u0219ierele cookies se aplic\u0103 tuturor utilizatorilor paginii de internet www.avsectraining.ro. Informa\u021biile prezentate \u00een continuare au ca scop informarea utilizatorilor acestei pagini de internet cu privire la plasarea, utilizarea \u0219i administrarea cookie-urilor de c\u0103tre S.C AV SEC TRAINING S.R.L \u00een contextul navig\u0103rii utilizatorilor pe aceast\u0103 pagin\u0103 [&hellip;]<\/p>\n","protected":false},"author":1,"featured_media":0,"parent":0,"menu_order":0,"comment_status":"closed","ping_status":"closed","template":"","meta":{"site-sidebar-layout":"no-sidebar","site-content-layout":"page-builder","ast-site-content-layout":"default","site-content-style":"default","site-sidebar-style":"default","ast-global-header-display":"","ast-banner-title-visibility":"","ast-main-header-display":"","ast-hfb-above-header-display":"","ast-hfb-below-header-display":"","ast-hfb-mobile-header-display":"","site-post-title":"disabled","ast-breadcrumbs-content":"","ast-featured-img":"disabled","footer-sml-layout":"","ast-disable-related-posts":"","theme-transparent-header-meta":"default","adv-header-id-meta":"","stick-header-meta":"","header-above-stick-meta":"","header-main-stick-meta":"","header-below-stick-meta":"","astra-migrate-meta-layouts":"default","ast-page-background-enabled":"default","ast-page-background-meta":{"desktop":{"background-color":"","background-image":"","background-repeat":"repeat","background-position":"center center","background-size":"auto","background-attachment":"scroll","background-type":"","background-media":"","overlay-type":"","overlay-color":"","overlay-opacity":"","overlay-gradient":""},"tablet":{"background-color":"","background-image":"","background-repeat":"repeat","background-position":"center center","background-size":"auto","background-attachment":"scroll","background-type":"","background-media":"","overlay-type":"","overlay-color":"","overlay-opacity":"","overlay-gradient":""},"mobile":{"background-color":"","background-image":"","background-repeat":"repeat","background-position":"center center","background-size":"auto","background-attachment":"scroll","background-type":"","background-media":"","overlay-type":"","overlay-color":"","overlay-opacity":"","overlay-gradient":""}},"ast-content-background-meta":{"desktop":{"background-color":"var(--ast-global-color-5)","background-image":"","background-repeat":"repeat","background-position":"center center","background-size":"auto","background-attachment":"scroll","background-type":"","background-media":"","overlay-type":"","overlay-color":"","overlay-opacity":"","overlay-gradient":""},"tablet":{"background-color":"var(--ast-global-color-5)","background-image":"","background-repeat":"repeat","background-position":"center center","background-size":"auto","background-attachment":"scroll","background-type":"","background-media":"","overlay-type":"","overlay-color":"","overlay-opacity":"","overlay-gradient":""},"mobile":{"background-color":"var(--ast-global-color-5)","background-image":"","background-repeat":"repeat","background-position":"center center","background-size":"auto","background-attachment":"scroll","background-type":"","background-media":"","overlay-type":"","overlay-color":"","overlay-opacity":"","overlay-gradient":""}},"footnotes":""},"class_list":["post-431","page","type-page","status-publish","hentry"],"yoast_head":"<!-- This site is optimized with the Yoast SEO plugin v27.4 - https:\/\/yoast.com\/product\/yoast-seo-wordpress\/ -->\n<title>Politica de utilizare a Cookie-urilor - Av Sec Training<\/title>\n<meta name=\"robots\" content=\"index, follow, max-snippet:-1, max-image-preview:large, max-video-preview:-1\" \/>\n<link rel=\"canonical\" href=\"https:\/\/avsectraining.ro\/en\/politica-de-utilizare-a-cookie-urilor\/\" \/>\n<meta property=\"og:locale\" content=\"en_US\" \/>\n<meta property=\"og:type\" content=\"article\" \/>\n<meta property=\"og:title\" content=\"Politica de utilizare a Cookie-urilor - Av Sec Training\" \/>\n<meta property=\"og:description\" content=\"Politica de utilizare a cookie-urilor 1. Introducere Prezenta Politic\u0103 privind fi\u0219ierele cookies se aplic\u0103 tuturor utilizatorilor paginii de internet www.avsectraining.ro. Informa\u021biile prezentate \u00een continuare au ca scop informarea utilizatorilor acestei pagini de internet cu privire la plasarea, utilizarea \u0219i administrarea cookie-urilor de c\u0103tre S.C AV SEC TRAINING S.R.L \u00een contextul navig\u0103rii utilizatorilor pe aceast\u0103 pagin\u0103 [&hellip;]\" \/>\n<meta property=\"og:url\" content=\"https:\/\/avsectraining.ro\/en\/politica-de-utilizare-a-cookie-urilor\/\" \/>\n<meta property=\"og:site_name\" content=\"Av Sec Training\" \/>\n<meta property=\"article:publisher\" content=\"https:\/\/www.facebook.com\/Av-Sec-Training-Romania-1755301018085373\" \/>\n<meta property=\"article:modified_time\" content=\"2020-02-07T11:41:46+00:00\" \/>\n<meta name=\"twitter:card\" content=\"summary_large_image\" \/>\n<meta name=\"twitter:label1\" content=\"Est. reading time\" \/>\n\t<meta name=\"twitter:data1\" content=\"7 minutes\" \/>\n<script type=\"application\/ld+json\" class=\"yoast-schema-graph\">{\"@context\":\"https:\\\/\\\/schema.org\",\"@graph\":[{\"@type\":\"WebPage\",\"@id\":\"https:\\\/\\\/avsectraining.ro\\\/politica-de-utilizare-a-cookie-urilor\\\/\",\"url\":\"https:\\\/\\\/avsectraining.ro\\\/politica-de-utilizare-a-cookie-urilor\\\/\",\"name\":\"Politica de utilizare a Cookie-urilor - Av Sec Training\",\"isPartOf\":{\"@id\":\"https:\\\/\\\/avsectraining.ro\\\/#website\"},\"datePublished\":\"2020-02-07T11:38:50+00:00\",\"dateModified\":\"2020-02-07T11:41:46+00:00\",\"breadcrumb\":{\"@id\":\"https:\\\/\\\/avsectraining.ro\\\/politica-de-utilizare-a-cookie-urilor\\\/#breadcrumb\"},\"inLanguage\":\"en-US\",\"potentialAction\":[{\"@type\":\"ReadAction\",\"target\":[\"https:\\\/\\\/avsectraining.ro\\\/politica-de-utilizare-a-cookie-urilor\\\/\"]}]},{\"@type\":\"BreadcrumbList\",\"@id\":\"https:\\\/\\\/avsectraining.ro\\\/politica-de-utilizare-a-cookie-urilor\\\/#breadcrumb\",\"itemListElement\":[{\"@type\":\"ListItem\",\"position\":1,\"name\":\"Prima pagin\u0103\",\"item\":\"https:\\\/\\\/avsectraining.ro\\\/\"},{\"@type\":\"ListItem\",\"position\":2,\"name\":\"Politica de utilizare a Cookie-urilor\"}]},{\"@type\":\"WebSite\",\"@id\":\"https:\\\/\\\/avsectraining.ro\\\/#website\",\"url\":\"https:\\\/\\\/avsectraining.ro\\\/\",\"name\":\"Av Sec Training\",\"description\":\"Av Sec Training Desc\",\"publisher\":{\"@id\":\"https:\\\/\\\/avsectraining.ro\\\/#organization\"},\"potentialAction\":[{\"@type\":\"SearchAction\",\"target\":{\"@type\":\"EntryPoint\",\"urlTemplate\":\"https:\\\/\\\/avsectraining.ro\\\/?s={search_term_string}\"},\"query-input\":{\"@type\":\"PropertyValueSpecification\",\"valueRequired\":true,\"valueName\":\"search_term_string\"}}],\"inLanguage\":\"en-US\"},{\"@type\":\"Organization\",\"@id\":\"https:\\\/\\\/avsectraining.ro\\\/#organization\",\"name\":\"Av Sec Training\",\"url\":\"https:\\\/\\\/avsectraining.ro\\\/\",\"logo\":{\"@type\":\"ImageObject\",\"inLanguage\":\"en-US\",\"@id\":\"https:\\\/\\\/avsectraining.ro\\\/#\\\/schema\\\/logo\\\/image\\\/\",\"url\":\"https:\\\/\\\/avsectraining.ro\\\/wp-content\\\/uploads\\\/2020\\\/01\\\/logomob.png\",\"contentUrl\":\"https:\\\/\\\/avsectraining.ro\\\/wp-content\\\/uploads\\\/2020\\\/01\\\/logomob.png\",\"width\":253,\"height\":247,\"caption\":\"Av Sec Training\"},\"image\":{\"@id\":\"https:\\\/\\\/avsectraining.ro\\\/#\\\/schema\\\/logo\\\/image\\\/\"},\"sameAs\":[\"https:\\\/\\\/www.facebook.com\\\/Av-Sec-Training-Romania-1755301018085373\"]}]}<\/script>\n<!-- \/ Yoast SEO plugin. -->","yoast_head_json":{"title":"Politica de utilizare a Cookie-urilor - Av Sec Training","robots":{"index":"index","follow":"follow","max-snippet":"max-snippet:-1","max-image-preview":"max-image-preview:large","max-video-preview":"max-video-preview:-1"},"canonical":"https:\/\/avsectraining.ro\/en\/politica-de-utilizare-a-cookie-urilor\/","og_locale":"en_US","og_type":"article","og_title":"Politica de utilizare a Cookie-urilor - Av Sec Training","og_description":"Politica de utilizare a cookie-urilor 1. Introducere Prezenta Politic\u0103 privind fi\u0219ierele cookies se aplic\u0103 tuturor utilizatorilor paginii de internet www.avsectraining.ro. Informa\u021biile prezentate \u00een continuare au ca scop informarea utilizatorilor acestei pagini de internet cu privire la plasarea, utilizarea \u0219i administrarea cookie-urilor de c\u0103tre S.C AV SEC TRAINING S.R.L \u00een contextul navig\u0103rii utilizatorilor pe aceast\u0103 pagin\u0103 [&hellip;]","og_url":"https:\/\/avsectraining.ro\/en\/politica-de-utilizare-a-cookie-urilor\/","og_site_name":"Av Sec Training","article_publisher":"https:\/\/www.facebook.com\/Av-Sec-Training-Romania-1755301018085373","article_modified_time":"2020-02-07T11:41:46+00:00","twitter_card":"summary_large_image","twitter_misc":{"Est. reading time":"7 minutes"},"schema":{"@context":"https:\/\/schema.org","@graph":[{"@type":"WebPage","@id":"https:\/\/avsectraining.ro\/politica-de-utilizare-a-cookie-urilor\/","url":"https:\/\/avsectraining.ro\/politica-de-utilizare-a-cookie-urilor\/","name":"Politica de utilizare a Cookie-urilor - Av Sec Training","isPartOf":{"@id":"https:\/\/avsectraining.ro\/#website"},"datePublished":"2020-02-07T11:38:50+00:00","dateModified":"2020-02-07T11:41:46+00:00","breadcrumb":{"@id":"https:\/\/avsectraining.ro\/politica-de-utilizare-a-cookie-urilor\/#breadcrumb"},"inLanguage":"en-US","potentialAction":[{"@type":"ReadAction","target":["https:\/\/avsectraining.ro\/politica-de-utilizare-a-cookie-urilor\/"]}]},{"@type":"BreadcrumbList","@id":"https:\/\/avsectraining.ro\/politica-de-utilizare-a-cookie-urilor\/#breadcrumb","itemListElement":[{"@type":"ListItem","position":1,"name":"Prima pagin\u0103","item":"https:\/\/avsectraining.ro\/"},{"@type":"ListItem","position":2,"name":"Politica de utilizare a Cookie-urilor"}]},{"@type":"WebSite","@id":"https:\/\/avsectraining.ro\/#website","url":"https:\/\/avsectraining.ro\/","name":"Av Sec Training","description":"Av Sec Training Desc","publisher":{"@id":"https:\/\/avsectraining.ro\/#organization"},"potentialAction":[{"@type":"SearchAction","target":{"@type":"EntryPoint","urlTemplate":"https:\/\/avsectraining.ro\/?s={search_term_string}"},"query-input":{"@type":"PropertyValueSpecification","valueRequired":true,"valueName":"search_term_string"}}],"inLanguage":"en-US"},{"@type":"Organization","@id":"https:\/\/avsectraining.ro\/#organization","name":"Av Sec Training","url":"https:\/\/avsectraining.ro\/","logo":{"@type":"ImageObject","inLanguage":"en-US","@id":"https:\/\/avsectraining.ro\/#\/schema\/logo\/image\/","url":"https:\/\/avsectraining.ro\/wp-content\/uploads\/2020\/01\/logomob.png","contentUrl":"https:\/\/avsectraining.ro\/wp-content\/uploads\/2020\/01\/logomob.png","width":253,"height":247,"caption":"Av Sec Training"},"image":{"@id":"https:\/\/avsectraining.ro\/#\/schema\/logo\/image\/"},"sameAs":["https:\/\/www.facebook.com\/Av-Sec-Training-Romania-1755301018085373"]}]}},"_links":{"self":[{"href":"https:\/\/avsectraining.ro\/en\/wp-json\/wp\/v2\/pages\/431","targetHints":{"allow":["GET"]}}],"collection":[{"href":"https:\/\/avsectraining.ro\/en\/wp-json\/wp\/v2\/pages"}],"about":[{"href":"https:\/\/avsectraining.ro\/en\/wp-json\/wp\/v2\/types\/page"}],"author":[{"embeddable":true,"href":"https:\/\/avsectraining.ro\/en\/wp-json\/wp\/v2\/users\/1"}],"replies":[{"embeddable":true,"href":"https:\/\/avsectraining.ro\/en\/wp-json\/wp\/v2\/comments?post=431"}],"version-history":[{"count":2,"href":"https:\/\/avsectraining.ro\/en\/wp-json\/wp\/v2\/pages\/431\/revisions"}],"predecessor-version":[{"id":433,"href":"https:\/\/avsectraining.ro\/en\/wp-json\/wp\/v2\/pages\/431\/revisions\/433"}],"wp:attachment":[{"href":"https:\/\/avsectraining.ro\/en\/wp-json\/wp\/v2\/media?parent=431"}],"curies":[{"name":"wp","href":"https:\/\/api.w.org\/{rel}","templated":true}]}}